{"id":1996,"date":"2021-09-20T03:41:21","date_gmt":"2021-09-20T03:41:21","guid":{"rendered":"https:\/\/casiaproductionnatural.eu\/nou\/?post_type=product&#038;p=1996"},"modified":"2022-01-06T20:50:38","modified_gmt":"2022-01-06T20:50:38","slug":"purificator-de-apa-deluxe","status":"publish","type":"product","link":"https:\/\/casiaproductionnatural.eu\/nou\/produs\/purificator-de-apa-deluxe\/","title":{"rendered":"Purificator de apa Deluxe"},"content":{"rendered":"<p>Oferta de 4674 de LEI a fost valabila pana la data de 31 decembrie 2021, incepand din Ianuarie pretul a fost 5169 LEI<\/p>\n<p>&nbsp;<\/p>\n","protected":false},"excerpt":{"rendered":"<p>\u00cenl\u0103tur\u0103 majoritatea impurit\u0103\u021bilor din apa potabil\u0103, ajut\u00e2nd totodat\u0103 \u0219i la eliminarea unei game largi de\u00a0<strong>patogeni<\/strong>.<\/p>\n<p>Printre substan\u021bele eliminate putem enumera: <strong><em>rugin\u0103, metale grele, s\u0103ruri, acizi, cloruri, nitra\u021bi, nitri\u021bi, pesticide, ioni organici,<\/em>\u00a0etc.<\/strong><\/p>\n","protected":false},"featured_media":2011,"comment_status":"open","ping_status":"closed","template":"","meta":[],"product_cat":[26],"product_tag":[],"class_list":["post-1996","product","type-product","status-publish","has-post-thumbnail","hentry","product_cat-purificatoare-de-apa"],"_links":{"self":[{"href":"https:\/\/casiaproductionnatural.eu\/nou\/wp-json\/wp\/v2\/product\/1996","targetHints":{"allow":["GET"]}}],"collection":[{"href":"https:\/\/casiaproductionnatural.eu\/nou\/wp-json\/wp\/v2\/product"}],"about":[{"href":"https:\/\/casiaproductionnatural.eu\/nou\/wp-json\/wp\/v2\/types\/product"}],"replies":[{"embeddable":true,"href":"https:\/\/casiaproductionnatural.eu\/nou\/wp-json\/wp\/v2\/comments?post=1996"}],"wp:featuredmedia":[{"embeddable":true,"href":"https:\/\/casiaproductionnatural.eu\/nou\/wp-json\/wp\/v2\/media\/2011"}],"wp:attachment":[{"href":"https:\/\/casiaproductionnatural.eu\/nou\/wp-json\/wp\/v2\/media?parent=1996"}],"wp:term":[{"taxonomy":"product_cat","embeddable":true,"href":"https:\/\/casiaproductionnatural.eu\/nou\/wp-json\/wp\/v2\/product_cat?post=1996"},{"taxonomy":"product_tag","embeddable":true,"href":"https:\/\/casiaproductionnatural.eu\/nou\/wp-json\/wp\/v2\/product_tag?post=1996"}],"curies":[{"name":"wp","href":"https:\/\/api.w.org\/{rel}","templated":true}]}}